{"id":15771,"date":"2025-01-13T12:05:54","date_gmt":"2025-01-13T12:05:54","guid":{"rendered":"https:\/\/lexcentrique.be\/reservation-de-lepilation-au-laser-shr\/"},"modified":"2025-03-03T10:16:43","modified_gmt":"2025-03-03T10:16:43","slug":"reservation-de-lepilation-au-laser-shr","status":"publish","type":"page","link":"https:\/\/lexcentrique.be\/fr\/reservation-de-lepilation-au-laser-shr\/","title":{"rendered":"R\u00c9SERVATION DE L&rsquo;\u00c9PILATION AU LASER SHR"},"content":{"rendered":"\t\t<div data-elementor-type=\"wp-page\" data-elementor-id=\"15771\" class=\"elementor elementor-15771 elementor-14423\" data-elementor-post-type=\"page\">\n\t\t\t\t<div class=\"elementor-element elementor-element-fd262f6 e-flex e-con-boxed wpr-particle-no wpr-jarallax-no wpr-parallax-no wpr-sticky-section-no e-con e-parent\" data-id=\"fd262f6\" data-element_type=\"container\">\n\t\t\t\t\t<div class=\"e-con-inner\">\n\t\t\t\t<div class=\"elementor-element elementor-element-c7e5dd8 elementor-widget elementor-widget-heading\" data-id=\"c7e5dd8\" data-element_type=\"widget\" data-widget_type=\"heading.default\">\n\t\t\t\t<div class=\"elementor-widget-container\">\n\t\t\t\t\t<h2 class=\"elementor-heading-title elementor-size-default\">R\u00e9servation<\/h2>\t\t\t\t<\/div>\n\t\t\t\t<\/div>\n\t\t\t\t\t<\/div>\n\t\t\t\t<\/div>\n\t\t<div class=\"elementor-element elementor-element-16c3866 e-flex e-con-boxed wpr-particle-no wpr-jarallax-no wpr-parallax-no wpr-sticky-section-no e-con e-parent\" data-id=\"16c3866\" data-element_type=\"container\">\n\t\t\t\t\t<div class=\"e-con-inner\">\n\t\t\t\t<div class=\"elementor-element elementor-element-3c4f48f elementor-widget elementor-widget-text-editor\" data-id=\"3c4f48f\" data-element_type=\"widget\" data-widget_type=\"text-editor.default\">\n\t\t\t\t<div class=\"elementor-widget-container\">\n\t\t\t\t\t\t\t\t\t<p><strong>Bienvenue sur la plateforme de r\u00e9servation de L&rsquo;Excentrique, o\u00f9 vous pouvez r\u00e9server n&rsquo;importe quel service et g\u00e9rer vous-m\u00eame&nbsp;.<\/strong><\/p>\n<p><strong>C&rsquo;est la premi\u00e8re fois que vous r\u00e9servez ? S\u00e9lectionnez le service que vous souhaitez et la plateforme vous guidera tout au long du processus. N&rsquo;oubliez pas de cr\u00e9er un compte afin de pouvoir g\u00e9rer et planifier vos r\u00e9servations vous-m\u00eame. &nbsp;<\/strong><\/p><p><strong>Le jour et l&rsquo;heure de votre choix ne figurent pas dans la liste ?&nbsp;<\/strong><\/p><p><strong>Contactez Brandon sur WhatsApp \u00e0 l&rsquo;adresse 0470831039<\/strong><\/p><p><strong>puis nous verrons si nous pouvons vous programmer \u00e0 l&rsquo;heure de votre choix.<\/strong><\/p><p><strong>&nbsp;<\/strong><\/p><p><strong><br><\/strong><\/p>\t\t\t\t\t\t\t\t<\/div>\n\t\t\t\t<\/div>\n\t\t\t\t\t<\/div>\n\t\t\t\t<\/div>\n\t\t<div class=\"elementor-element elementor-element-feccbe1 e-flex e-con-boxed wpr-particle-no wpr-jarallax-no wpr-parallax-no wpr-sticky-section-no e-con e-parent\" data-id=\"feccbe1\" data-element_type=\"container\">\n\t\t\t\t\t<div class=\"e-con-inner\">\n\t\t\t\t<div class=\"elementor-element elementor-element-d54513a elementor-widget elementor-widget-shortcode\" data-id=\"d54513a\" data-element_type=\"widget\" data-widget_type=\"shortcode.default\">\n\t\t\t\t<div class=\"elementor-widget-container\">\n\t\t\t\t\t\t\t<div class=\"elementor-shortcode\">\t<script src=\"\/\/widget.simplybook.it\/v2\/widget\/widget.js\" type=\"text\/javascript\"><\/script><script type=\"text\/javascript\">var widget = new SimplybookWidget({\"widget_type\":\"iframe\",\"url\":\"https:\\\/\\\/lexcentrique.simplybook.it\",\"theme\":\"simple_beauty_theme\",\"theme_settings\":{\"sb_base_color\":\"#000000\",\"header_color\":\"#000000\",\"timeline_hide_unavailable\":\"1\",\"hide_past_days\":\"0\",\"timeline_show_end_time\":\"0\",\"timeline_modern_display\":\"as_slots\",\"display_item_mode\":\"block\",\"body_bg_color\":\"#ffffff\",\"sb_review_image\":\"\",\"dark_font_color\":\"#000000\",\"light_font_color\":\"#ffffff\",\"btn_color_1\":\"#000000\",\"sb_company_label_color\":\"#000000\",\"hide_img_mode\":\"0\",\"show_sidebar\":\"0\",\"sb_busy\":\"#f5220e\",\"sb_available\":\"#33bb60\"},\"timeline\":\"modern\",\"datepicker\":\"top_calendar\",\"is_rtl\":false,\"app_config\":{\"clear_session\":0,\"allow_switch_to_ada\":0,\"predefined\":{\"provider\":\"1\",\"service\":\"199\",\"location\":\"1\",\"category\":\"19\"}>;\n<\/script><\/div>\n\t\t\t\t\t\t<\/div>\n\t\t\t\t<\/div>\n\t\t\t\t\t<\/div>\n\t\t\t\t<\/div>\n\t\t<div class=\"elementor-element elementor-element-a506bc3 e-flex e-con-boxed wpr-particle-no wpr-jarallax-no wpr-parallax-no wpr-sticky-section-no e-con e-parent\" data-id=\"a506bc3\" data-element_type=\"container\">\n\t\t\t\t\t<div class=\"e-con-inner\">\n\t\t\t\t<div class=\"elementor-element elementor-element-242bb58 elementor-widget elementor-widget-text-editor\" data-id=\"242bb58\" data-element_type=\"widget\" data-widget_type=\"text-editor.default\">\n\t\t\t\t<div class=\"elementor-widget-container\">\n\t\t\t\t\t\t\t\t\t<p><strong>Nous nous r\u00e9jouissons de vous rencontrer et de vous accueillir \u00e0 L&rsquo;Excentrique.<\/strong><\/p><p> <\/p><p><strong>Salutations,<\/strong><\/p><p> <\/p>\t\t\t\t\t\t\t\t<\/div>\n\t\t\t\t<\/div>\n\t\t\t\t\t<\/div>\n\t\t\t\t<\/div>\n\t\t\t\t<section class=\"elementor-section elementor-top-section elementor-element elementor-element-1f055246 elementor-section-boxed elementor-section-height-default elementor-section-height-default wpr-particle-no wpr-jarallax-no wpr-parallax-no wpr-sticky-section-no\" data-id=\"1f055246\" data-element_type=\"section\">\n\t\t\t\t\t\t<div class=\"elementor-container elementor-column-gap-no\">\n\t\t\t\t\t<div class=\"elementor-column elementor-col-100 elementor-top-column elementor-element elementor-element-2bbecdda\" data-id=\"2bbecdda\" data-element_type=\"column\">\n\t\t\t<div class=\"elementor-widget-wrap elementor-element-populated\">\n\t\t\t\t\t\t<div class=\"elementor-element elementor-element-276841fc elementor-position-top elementor-widget elementor-widget-image-box\" data-id=\"276841fc\" data-element_type=\"widget\" data-widget_type=\"image-box.default\">\n\t\t\t\t<div class=\"elementor-widget-container\">\n\t\t\t\t\t<div class=\"elementor-image-box-wrapper\"><figure class=\"elementor-image-box-img\"><img fetchpriority=\"high\" decoding=\"async\" width=\"1640\" height=\"924\" src=\"https:\/\/lexcentrique.be\/wp-content\/uploads\/2020\/08\/261d53da-39dd-45d2-883e-b8ae8e7ebd91.png\" class=\"attachment-full size-full wp-image-14757\" alt=\"\" srcset=\"https:\/\/lexcentrique.be\/wp-content\/uploads\/2020\/08\/261d53da-39dd-45d2-883e-b8ae8e7ebd91.png 1640w, https:\/\/lexcentrique.be\/wp-content\/uploads\/2020\/08\/261d53da-39dd-45d2-883e-b8ae8e7ebd91-600x338.png 600w, https:\/\/lexcentrique.be\/wp-content\/uploads\/2020\/08\/261d53da-39dd-45d2-883e-b8ae8e7ebd91-300x169.png 300w, https:\/\/lexcentrique.be\/wp-content\/uploads\/2020\/08\/261d53da-39dd-45d2-883e-b8ae8e7ebd91-1024x577.png 1024w, https:\/\/lexcentrique.be\/wp-content\/uploads\/2020\/08\/261d53da-39dd-45d2-883e-b8ae8e7ebd91-768x433.png 768w, https:\/\/lexcentrique.be\/wp-content\/uploads\/2020\/08\/261d53da-39dd-45d2-883e-b8ae8e7ebd91-1536x865.png 1536w\" sizes=\"(max-width: 1640px) 100vw, 1640px\" \/><\/figure><div class=\"elementor-image-box-content\"><h5 class=\"elementor-image-box-title\">Jean<\/h5><p class=\"elementor-image-box-description\">Fondateur<\/p><\/div><\/div>\t\t\t\t<\/div>\n\t\t\t\t<\/div>\n\t\t\t\t\t<\/div>\n\t\t<\/div>\n\t\t\t\t\t<\/div>\n\t\t<\/section>\n\t\t<div class=\"elementor-element elementor-element-7698c1ed e-flex e-con-boxed wpr-particle-no wpr-jarallax-no wpr-parallax-no wpr-sticky-section-no e-con e-parent\" data-id=\"7698c1ed\" data-element_type=\"container\" data-settings=\"{&quot;background_background&quot;:&quot;classic&quot;}\">\n\t\t\t\t\t<div class=\"e-con-inner\">\n\t\t<div class=\"elementor-element elementor-element-1e2c34bb e-con-full e-flex wpr-particle-no wpr-jarallax-no wpr-parallax-no wpr-sticky-section-no e-con e-child\" data-id=\"1e2c34bb\" data-element_type=\"container\">\n\t\t\t\t<div class=\"elementor-element elementor-element-22692b86 elementor-widget elementor-widget-heading\" data-id=\"22692b86\" data-element_type=\"widget\" data-widget_type=\"heading.default\">\n\t\t\t\t<div class=\"elementor-widget-container\">\n\t\t\t\t\t<h2 class=\"elementor-heading-title elementor-size-default\">Avez-vous des questions suppl\u00e9mentaires ?  <\/h2>\t\t\t\t<\/div>\n\t\t\t\t<\/div>\n\t\t\t\t<\/div>\n\t\t<div class=\"elementor-element elementor-element-7df4f1d7 e-con-full e-flex wpr-particle-no wpr-jarallax-no wpr-parallax-no wpr-sticky-section-no e-con e-child\" data-id=\"7df4f1d7\" data-element_type=\"container\">\n\t\t\t\t<div class=\"elementor-element elementor-element-671243b elementor-align-center elementor-tablet-align-right elementor-mobile-align-center elementor-absolute elementor-widget elementor-widget-button\" data-id=\"671243b\" data-element_type=\"widget\" data-settings=\"{&quot;_position&quot;:&quot;absolute&quot;}\" data-widget_type=\"button.default\">\n\t\t\t\t<div class=\"elementor-widget-container\">\n\t\t\t\t\t\t\t\t\t<div class=\"elementor-button-wrapper\">\n\t\t\t\t\t<a class=\"elementor-button elementor-button-link elementor-size-md\" href=\"#\">\n\t\t\t\t\t\t<span class=\"elementor-button-content-wrapper\">\n\t\t\t\t\t\t<span class=\"elementor-button-icon\">\n\t\t\t\t<svg aria-hidden=\"true\" class=\"e-font-icon-svg e-fas-arrow-circle-right\" viewBox=\"0 0 512 512\" xmlns=\"http:\/\/www.w3.org\/2000\/svg\"><path d=\"M256 8c137 0 248 111 248 248S393 504 256 504 8 393 8 256 119 8 256 8zm-28.9 143.6l75.5 72.4H120c-13.3 0-24 10.7-24 24v16c0 13.3 10.7 24 24 24h182.6l-75.5 72.4c-9.7 9.3-9.9 24.8-.4 34.3l11 10.9c9.4 9.4 24.6 9.4 33.9 0L404.3 273c9.4-9.4 9.4-24.6 0-33.9L271.6 106.3c-9.4-9.4-24.6-9.4-33.9 0l-11 10.9c-9.5 9.6-9.3 25.1.4 34.4z\"><\/path><\/svg>\t\t\t<\/span>\n\t\t\t\t\t\t\t\t\t<span class=\"elementor-button-text\">cliquez ici<\/span>\n\t\t\t\t\t<\/span>\n\t\t\t\t\t<\/a>\n\t\t\t\t<\/div>\n\t\t\t\t\t\t\t\t<\/div>\n\t\t\t\t<\/div>\n\t\t\t\t<\/div>\n\t\t\t\t\t<\/div>\n\t\t\t\t<\/div>\n\t\t\t\t<\/div>\n\t\t","protected":false},"excerpt":{"rendered":"<p>R\u00e9servation Bienvenue sur la plateforme de r\u00e9servation de L&rsquo;Excentrique, o\u00f9 vous pouvez r\u00e9server n&rsquo;importe quel service et g\u00e9rer vous-m\u00eame&nbsp;. C&rsquo;est la premi\u00e8re fois que vous r\u00e9servez ? S\u00e9lectionnez le service que vous souhaitez et la plateforme vous guidera tout au long du processus. N&rsquo;oubliez pas de cr\u00e9er un compte afin de pouvoir g\u00e9rer et planifier [&hellip;]<\/p>\n","protected":false},"author":2,"featured_media":0,"parent":0,"menu_order":0,"comment_status":"closed","ping_status":"closed","template":"","meta":{"site-sidebar-layout":"no-sidebar","site-content-layout":"page-builder","ast-site-content-layout":"full-width-container","site-content-style":"default","site-sidebar-style":"default","ast-global-header-display":"","ast-banner-title-visibility":"","ast-main-header-display":"","ast-hfb-above-header-display":"","ast-hfb-below-header-display":"","ast-hfb-mobile-header-display":"","site-post-title":"disabled","ast-breadcrumbs-content":"","ast-featured-img":"disabled","footer-sml-layout":"","theme-transparent-header-meta":"","adv-header-id-meta":"","stick-header-meta":"","header-above-stick-meta":"","header-main-stick-meta":"","header-below-stick-meta":"","astra-migrate-meta-layouts":"default","ast-page-background-enabled":"default","ast-page-background-meta":{"desktop":{"background-color":"","background-image":"","background-repeat":"repeat","background-position":"center center","background-size":"auto","background-attachment":"scroll","background-type":"","background-media":"","overlay-type":"","overlay-color":"","overlay-gradient":""},"tablet":{"background-color":"","background-image":"","background-repeat":"repeat","background-position":"center center","background-size":"auto","background-attachment":"scroll","background-type":"","background-media":"","overlay-type":"","overlay-color":"","overlay-gradient":""},"mobile":{"background-color":"","background-image":"","background-repeat":"repeat","background-position":"center center","background-size":"auto","background-attachment":"scroll","background-type":"","background-media":"","overlay-type":"","overlay-color":"","overlay-gradient":""}},"ast-content-background-meta":{"desktop":{"background-color":"var(--ast-global-color-5)","background-image":"","background-repeat":"repeat","background-position":"center center","background-size":"auto","background-attachment":"scroll","background-type":"","background-media":"","overlay-type":"","overlay-color":"","overlay-gradient":""},"tablet":{"background-color":"var(--ast-global-color-5)","background-image":"","background-repeat":"repeat","background-position":"center center","background-size":"auto","background-attachment":"scroll","background-type":"","background-media":"","overlay-type":"","overlay-color":"","overlay-gradient":""},"mobile":{"background-color":"var(--ast-global-color-5)","background-image":"","background-repeat":"repeat","background-position":"center center","background-size":"auto","background-attachment":"scroll","background-type":"","background-media":"","overlay-type":"","overlay-color":"","overlay-gradient":""}},"footnotes":""},"class_list":["post-15771","page","type-page","status-publish","hentry"],"_links":{"self":[{"href":"https:\/\/lexcentrique.be\/fr\/wp-json\/wp\/v2\/pages\/15771","targetHints":{"allow":["GET"]}}],"collection":[{"href":"https:\/\/lexcentrique.be\/fr\/wp-json\/wp\/v2\/pages"}],"about":[{"href":"https:\/\/lexcentrique.be\/fr\/wp-json\/wp\/v2\/types\/page"}],"author":[{"embeddable":true,"href":"https:\/\/lexcentrique.be\/fr\/wp-json\/wp\/v2\/users\/2"}],"replies":[{"embeddable":true,"href":"https:\/\/lexcentrique.be\/fr\/wp-json\/wp\/v2\/comments?post=15771"}],"version-history":[{"count":1,"href":"https:\/\/lexcentrique.be\/fr\/wp-json\/wp\/v2\/pages\/15771\/revisions"}],"predecessor-version":[{"id":15773,"href":"https:\/\/lexcentrique.be\/fr\/wp-json\/wp\/v2\/pages\/15771\/revisions\/15773"}],"wp:attachment":[{"href":"https:\/\/lexcentrique.be\/fr\/wp-json\/wp\/v2\/media?parent=15771"}],"curies":[{"name":"wp","href":"https:\/\/api.w.org\/{rel}","templated":true}]}}